{"id":159,"date":"2025-08-31T10:16:26","date_gmt":"2025-08-31T08:16:26","guid":{"rendered":"https:\/\/justafreelife.org\/?post_type=product&#038;p=159"},"modified":"2025-08-31T10:23:38","modified_gmt":"2025-08-31T08:23:38","slug":"couto-seife-traditionelle-pflegeseife","status":"publish","type":"product","link":"https:\/\/justafreelife.org\/?product=couto-seife-traditionelle-pflegeseife","title":{"rendered":"Couto Seife \u2013 traditionelle Pflegeseife"},"content":{"rendered":"<p data-start=\"633\" data-end=\"861\">Die <strong data-start=\"637\" data-end=\"677\">Couto Seife (\u201eSabonete Couto\u201c) 125 g<\/strong> wird seit Jahrzehnten in Portugal nach traditioneller Rezeptur hergestellt. Sie \u00fcberzeugt durch ihre milde Formel mit pflanzlichen \u00d6len, cremigen Schaum und dezenten, sauberen Duft.<\/p>\n<p data-start=\"869\" data-end=\"1071\">\u2714 Milde Pflegeseife f\u00fcr H\u00e4nde &amp; K\u00f6rper<br data-start=\"907\" data-end=\"910\" \/>\u2714 Mit pflanzlichen \u00d6len \u2013 cremiger Schaum<br data-start=\"953\" data-end=\"956\" \/>\u2714 Dezenter Duft, frisch &amp; unaufdringlich<br data-start=\"998\" data-end=\"1001\" \/>\u2714 Klassisches Retro-Design<br data-start=\"1029\" data-end=\"1032\" \/>\u2714 Hergestellt in Portugal seit 1932<\/p>\n","protected":false},"excerpt":{"rendered":"<p>Traditionelle Pflegeseife aus Portugal \u2013 cremiger Schaum, dezenter Duft, Retro-Verpackung<\/p>\n","protected":false},"featured_media":162,"comment_status":"open","ping_status":"closed","template":"","meta":[],"product_brand":[45],"product_cat":[58],"product_tag":[50,63,51,62,59,60,64,61],"class_list":{"0":"post-159","1":"product","2":"type-product","3":"status-publish","4":"has-post-thumbnail","6":"product_brand-couto","7":"product_cat-seife","8":"product_tag-couto","9":"product_tag-geschenk","10":"product_tag-portugal","11":"product_tag-reinigen","12":"product_tag-seife","13":"product_tag-soap","14":"product_tag-traditionell","15":"product_tag-waschen","16":"product_shipping_class-seife-einzeln","18":"first","19":"instock","20":"shipping-taxable","21":"purchasable","22":"product-type-simple"},"_links":{"self":[{"href":"https:\/\/justafreelife.org\/index.php?rest_route=\/wp\/v2\/product\/159","targetHints":{"allow":["GET"]}}],"collection":[{"href":"https:\/\/justafreelife.org\/index.php?rest_route=\/wp\/v2\/product"}],"about":[{"href":"https:\/\/justafreelife.org\/index.php?rest_route=\/wp\/v2\/types\/product"}],"replies":[{"embeddable":true,"href":"https:\/\/justafreelife.org\/index.php?rest_route=%2Fwp%2Fv2%2Fcomments&post=159"}],"wp:featuredmedia":[{"embeddable":true,"href":"https:\/\/justafreelife.org\/index.php?rest_route=\/wp\/v2\/media\/162"}],"wp:attachment":[{"href":"https:\/\/justafreelife.org\/index.php?rest_route=%2Fwp%2Fv2%2Fmedia&parent=159"}],"wp:term":[{"taxonomy":"product_brand","embeddable":true,"href":"https:\/\/justafreelife.org\/index.php?rest_route=%2Fwp%2Fv2%2Fproduct_brand&post=159"},{"taxonomy":"product_cat","embeddable":true,"href":"https:\/\/justafreelife.org\/index.php?rest_route=%2Fwp%2Fv2%2Fproduct_cat&post=159"},{"taxonomy":"product_tag","embeddable":true,"href":"https:\/\/justafreelife.org\/index.php?rest_route=%2Fwp%2Fv2%2Fproduct_tag&post=159"}],"curies":[{"name":"wp","href":"https:\/\/api.w.org\/{rel}","templated":true}]}}